{"id":74,"date":"2019-10-31T11:30:06","date_gmt":"2019-10-31T09:30:06","guid":{"rendered":"http:\/\/www.mtc.fi\/?page_id=74"},"modified":"2023-01-30T12:09:36","modified_gmt":"2023-01-30T10:09:36","slug":"tarjoukset","status":"publish","type":"page","link":"https:\/\/www.mtc.fi\/?page_id=74","title":{"rendered":"Tarjoukset"},"content":{"rendered":"<p><strong>Koulutus<\/strong><br \/>\nAsiakaspalvelukoulutus henkil\u00f6kunnalle 3 tuntia alkaen 270 euroa ja 7 tuntia 500 euroa.<\/p>\n<p><strong>Konsultointi<br \/>\n<\/strong>Yrityksen peruskartoitus- ja kehitt\u00e4missuunnitelma raportteineen (kesto 3 tuntia) alkaen 270 euroa.<\/p>\n<p><strong>Valokuvaus<br \/>\n<\/strong>Tuotteiden, palveluiden ja milj\u00f6\u00f6n valokuvaus yrityksess\u00e4 alkaen 125 euroa.<br \/>\nKehystetyt valokuvateokset sisustukseen alkaen<br \/>\n&#8211; 30cm x 40cm 29 euroa, 40 x 50cm 49 euroa ja muut koot sopimuksen mukaan.<\/p>\n<p><strong>Tiedotustoiminta<br \/>\n<\/strong>Tiedotteen kirjoittaminen esimerkiksi yrityksen tuotteista ja palveluista\u00a0yrityksen antamien tietojen pohjalta, laajuus yksi A 4 liuska alkaen 75 \u20ac ja kaksi A 4 liuskaa 150 \u20ac.<\/p>\n<p><strong>Aamuhuoneistot Yyteriss\u00e4<br \/>\n<\/strong>Pyyd\u00e4 tarjous pidempiaikaisesta majoituksesta!<\/p>\n<p><strong>Tuotetestaus<br \/>\n<\/strong>Peruspaketti<br \/>\n&#8211; 2 k\u00e4ynti\u00e4 eri henkil\u00f6n suorittamana raportteineen 250 euroa, lis\u00e4ttyn\u00e4 erikseen sovittavilla matkakuluilla.<\/p>\n<p><strong><br \/>\nOta yhteytt\u00e4<\/strong><br \/>\n<strong>Manu Toivonen, \u00a0manu.toivonen@mtc.fi \u00a0tai \u00a0+358 500 533572\u00a0<\/strong><\/p>\n","protected":false},"excerpt":{"rendered":"<p>Koulutus Asiakaspalvelukoulutus henkil\u00f6kunnalle 3 tuntia alkaen 270 euroa ja 7 tuntia 500 euroa. Konsultointi Yrityksen peruskartoitus- ja kehitt\u00e4missuunnitelma raportteineen (kesto 3 tuntia) alkaen 270 euroa. Valokuvaus Tuotteiden, palveluiden ja milj\u00f6\u00f6n valokuvaus yrityksess\u00e4 alkaen 125 euroa. Kehystetyt valokuvateokset sisustukseen alkaen &#8211; 30cm x 40cm 29 euroa, 40 x 50cm 49 euroa ja muut koot sopimuksen mukaan. &hellip; <a href=\"https:\/\/www.mtc.fi\/?page_id=74\" class=\"more-link\">Jatka lukemista <span class=\"screen-reader-text\">Tarjoukset<\/span> <span class=\"meta-nav\">&rarr;<\/span><\/a><\/p>\n","protected":false},"author":2,"featured_media":0,"parent":0,"menu_order":0,"comment_status":"closed","ping_status":"closed","template":"page-templates\/full-width.php","meta":[],"_links":{"self":[{"href":"https:\/\/www.mtc.fi\/index.php?rest_route=\/wp\/v2\/pages\/74"}],"collection":[{"href":"https:\/\/www.mtc.fi\/index.php?rest_route=\/wp\/v2\/pages"}],"about":[{"href":"https:\/\/www.mtc.fi\/index.php?rest_route=\/wp\/v2\/types\/page"}],"author":[{"embeddable":true,"href":"https:\/\/www.mtc.fi\/index.php?rest_route=\/wp\/v2\/users\/2"}],"replies":[{"embeddable":true,"href":"https:\/\/www.mtc.fi\/index.php?rest_route=%2Fwp%2Fv2%2Fcomments&post=74"}],"version-history":[{"count":3,"href":"https:\/\/www.mtc.fi\/index.php?rest_route=\/wp\/v2\/pages\/74\/revisions"}],"predecessor-version":[{"id":714,"href":"https:\/\/www.mtc.fi\/index.php?rest_route=\/wp\/v2\/pages\/74\/revisions\/714"}],"wp:attachment":[{"href":"https:\/\/www.mtc.fi\/index.php?rest_route=%2Fwp%2Fv2%2Fmedia&parent=74"}],"curies":[{"name":"wp","href":"https:\/\/api.w.org\/{rel}","templated":true}]}}