{"id":530,"date":"2025-12-01T11:00:00","date_gmt":"2025-12-01T09:00:00","guid":{"rendered":"http:\/\/www.mtc.fi\/?page_id=530"},"modified":"2025-12-15T13:18:49","modified_gmt":"2025-12-15T11:18:49","slug":"aurinkolinna-2","status":"publish","type":"page","link":"https:\/\/www.mtc.fi\/?page_id=530","title":{"rendered":"AurinkolinnaN KEHITT\u00c4MISEST\u00c4"},"content":{"rendered":"\n<p class=\"has-text-align-left\"><strong>Vilkas kes\u00e4 2025  Aurinkolinnassa<\/strong><\/p>\n\n\n\n<p><strong>Porin Yyterin vesiliukum\u00e4en <\/strong>tontin vuokraoikeus siirtyi syksyll\u00e4 2018 Yyterin Toimintadyynit Oy:lt\u00e4 Manu Toivonen Training Companylle (MTC Oy). Uusi nimi alueelle on nyt <strong>Aurinkolinna. <\/strong><\/p>\n\n\n\n<p><strong>Kes\u00e4n 2019 teemana oli \u201dsiisti ja kunnosta aluetta\u201d.<\/strong>  Alueella olevien vanhojen toimintojen j\u00e4ljilt\u00e4 olevia rakenteita ja ep\u00e4puhtauksia siistittiin ja kunnostettiin. Vanha lipunmyyntipiste muutettin  Aurinkolinnan myyntipisteeksi ja n\u00e4yttelytilaksi.  Lis\u00e4ksi alueelle tehtiin hiekkaesteit\u00e4 eroosion ja hiekan kulkeutumisen est\u00e4miseksi samaan tapaan kuin Porin kaupungin ymp\u00e4rist\u00f6virasto on isoilla dyyneill\u00e4 tehnyt.<\/p>\n\n\n\n<p><strong>Kes\u00e4n 2020 &#8211;  2025 toiminnan <\/strong> l\u00e4ht\u00f6kohtana oli asiakkaiden positiivinen palaute ja ideat.  Aurinkolinnan alueen siistiminen jatkui, mm. rakenteita uusittiin ja alueelle istutettiin 100 k\u00e4\u00e4pi\u00f6katajaa ja 1000 rantavehn\u00e4n tainta  est\u00e4m\u00e4\u00e4n hiekan kulkeutumista ja eroosiota.<\/p>\n\n\n\n<p><strong>Aurinkolinna jatkoi kes\u00e4ll\u00e4 2025<\/strong> Porin kaupungin ja alueen yritt\u00e4jien toimintojen esitteiden jako- ja esittelypisteen\u00e4. Myynniss\u00e4 oli Yyterin alueesta tehtyj\u00e4 kortteja, valokuvia, kirjoja, savit\u00f6it\u00e4, lasiesineit\u00e4 jne.  Alueella oli kaikille avoin grillauspaikka ja lapsille oma leikkipiste leluineen. My\u00f6s aurinkopetej\u00e4 vuokrattiin varjoineen. <\/p>\n\n\n\n<p><strong>Aurikolinnassa j\u00e4rjestettiin kes\u00e4n 2025 <\/strong>aikana mm. karaokeiltoja, savity\u00f6pajoja, er\u00e4tapahtumia ja joogatunteja. Aurinkolinnassa oli esill\u00e4 my\u00f6s Manu Toivosen valokuvan\u00e4yttely.  <\/p>\n\n\n\n<p><strong>Aurinkolinnan kehitt\u00e4minen jatkuu edelleen<\/strong>.  MTC Oy:ll\u00e4 on vuokrasopimus noin 3800m\u201d alueesta vuoteen 2067. Alueella on rakennusoikeutta 1500m2. Tontti on kaavassa merkitty P-12 palvelurakennusten korttelialueeksi virkistysk\u00e4ytt\u00f6\u00e4 ja matkailua palvelevia rakennuksia varten. Tavoitteena on investoida alueeseen 150.000 &#8211; 500.000 euroa ja kehitt\u00e4\u00e4 Aurinkolinnasta vuosien varrella uusi Yyterin matkailun vetonaula. <\/p>\n\n\n\n<p><strong>Aurinkolinnan toiminnassa ja suunnittelussa<\/strong>  huomioidaan my\u00f6s Porin kaupungin, alueen yritt\u00e4jien ja Ramboll Finland Oy:n yhdess\u00e4 tekem\u00e4 suunnitelma koko Yyterin alueen kehitt\u00e4miseksi.<\/p>\n\n\n\n<p><strong>Katso:  Asiaa Aurinkolinnasta ja El\u00e4m\u00e4\u00e4 Aurinkolinnassa.<\/strong><\/p>\n\n\n\n<p><strong> Lis\u00e4tietoja  <\/strong><\/p>\n\n\n\n<p><strong>Manu Toivonen +358 500 533572 tai manu.toivonen@mtc.fi<\/strong><\/p>\n","protected":false},"excerpt":{"rendered":"<p>Vilkas kes\u00e4 2025 Aurinkolinnassa Porin Yyterin vesiliukum\u00e4en tontin vuokraoikeus siirtyi syksyll\u00e4 2018 Yyterin Toimintadyynit Oy:lt\u00e4 Manu Toivonen Training Companylle (MTC Oy). Uusi nimi alueelle on nyt Aurinkolinna. Kes\u00e4n 2019 teemana oli \u201dsiisti ja kunnosta aluetta\u201d. Alueella olevien vanhojen toimintojen j\u00e4ljilt\u00e4 olevia rakenteita ja ep\u00e4puhtauksia siistittiin ja kunnostettiin. Vanha lipunmyyntipiste muutettin Aurinkolinnan myyntipisteeksi ja n\u00e4yttelytilaksi. Lis\u00e4ksi &hellip; <a href=\"https:\/\/www.mtc.fi\/?page_id=530\" class=\"more-link\">Jatka lukemista <span class=\"screen-reader-text\">AurinkolinnaN KEHITT\u00c4MISEST\u00c4<\/span> <span class=\"meta-nav\">&rarr;<\/span><\/a><\/p>\n","protected":false},"author":2,"featured_media":0,"parent":0,"menu_order":0,"comment_status":"closed","ping_status":"closed","template":"","meta":[],"_links":{"self":[{"href":"https:\/\/www.mtc.fi\/index.php?rest_route=\/wp\/v2\/pages\/530"}],"collection":[{"href":"https:\/\/www.mtc.fi\/index.php?rest_route=\/wp\/v2\/pages"}],"about":[{"href":"https:\/\/www.mtc.fi\/index.php?rest_route=\/wp\/v2\/types\/page"}],"author":[{"embeddable":true,"href":"https:\/\/www.mtc.fi\/index.php?rest_route=\/wp\/v2\/users\/2"}],"replies":[{"embeddable":true,"href":"https:\/\/www.mtc.fi\/index.php?rest_route=%2Fwp%2Fv2%2Fcomments&post=530"}],"version-history":[{"count":20,"href":"https:\/\/www.mtc.fi\/index.php?rest_route=\/wp\/v2\/pages\/530\/revisions"}],"predecessor-version":[{"id":878,"href":"https:\/\/www.mtc.fi\/index.php?rest_route=\/wp\/v2\/pages\/530\/revisions\/878"}],"wp:attachment":[{"href":"https:\/\/www.mtc.fi\/index.php?rest_route=%2Fwp%2Fv2%2Fmedia&parent=530"}],"curies":[{"name":"wp","href":"https:\/\/api.w.org\/{rel}","templated":true}]}}