{"id":52,"date":"2025-12-01T11:00:00","date_gmt":"2025-12-01T09:00:00","guid":{"rendered":"http:\/\/www.mtc.fi\/?page_id=52"},"modified":"2025-12-09T12:23:21","modified_gmt":"2025-12-09T10:23:21","slug":"garage-gukkenhaimi","status":"publish","type":"page","link":"https:\/\/www.mtc.fi\/?page_id=52","title":{"rendered":"Garage Gukkenhaimi"},"content":{"rendered":"<p><strong>Garage Gukkenhaimi<\/strong>&nbsp;on palvellut &nbsp;porilaisia ja Yyteriss\u00e4 liikkuvia matkailijoita esittelem\u00e4ll\u00e4 satakuntalaisten taiteilijoiden ja k\u00e4sity\u00f6l\u00e4isten tuotteita vuodesta 2012.<\/p>\n<p><strong><a href=\"http:\/\/www.mtc.fi\/wp-content\/uploads\/2014\/05\/IMG_9825.jpeg\" target=\"_blank\" rel=\"noopener noreferrer\"><img loading=\"lazy\" class=\"alignleft wp-image-31 size-thumbnail\" src=\"http:\/\/www.mtc.fi\/wp-content\/uploads\/2014\/05\/IMG_9825-150x150.jpeg\" alt=\"IMG_9825\" width=\"150\" height=\"150\"><\/a><\/strong><strong>Garage Gukkenhaimi<\/strong> luotiin osoittamaan, ett\u00e4 aina ei tarvita 100- 150 miljoonan euron investointia valtiolta tai kunnalta, jotta saadaan aikaiseksi paikka, joka toimii taiteen ja k\u00e4sit\u00f6iden n\u00e4yttelypaikkana.<\/p>\n<p><span style=\"line-height: 1.5;\"><a href=\"http:\/\/www.mtc.fi\/wp-content\/uploads\/2014\/05\/IMG_9816.jpeg\" target=\"_blank\" rel=\"noopener noreferrer\"><img loading=\"lazy\" class=\"alignleft wp-image-30 size-thumbnail\" src=\"http:\/\/www.mtc.fi\/wp-content\/uploads\/2014\/05\/IMG_9816-150x150.jpeg\" alt=\"IMG_9816\" width=\"150\" height=\"150\"><\/a>Garage Gukkenhaimissa on esill\u00e4 mm. maalauksia ja luomuvalokuvaaja Manu Toivosen valokuvatauluja, kortteja &nbsp;ja kalentereita.&nbsp;<\/span><span style=\"line-height: 1.5;\">Oman osastonsa muodostavat &nbsp;Savisiiven keramiikka, Lasistudio Torstenssonin kierr\u00e4tyslasity\u00f6t ja Hannes Tiiran kirjat.<\/span><\/p>\n<p><a href=\"http:\/\/www.mtc.fi\/wp-content\/uploads\/2014\/05\/IMG_9833.jpeg\" target=\"_blank\" rel=\"noopener noreferrer\"><img loading=\"lazy\" class=\"alignleft wp-image-32 size-thumbnail\" src=\"http:\/\/www.mtc.fi\/wp-content\/uploads\/2014\/05\/IMG_9833-150x150.jpeg\" alt=\"IMG_9833\" width=\"150\" height=\"150\"><\/a><\/p>\n<p><strong>Garage Gukkenhaimi on avoinna <\/strong>&nbsp;sopimuksen mukaan. Avaamme ja esittelemme tuotteitamme niin yksitt\u00e4isille henkil\u00f6ille kuin ryhmillekin. Lis\u00e4tietoja Manu Toivonen 0500-533572, manu.toivonen@mtc.fi<\/p>\n<p><strong>Joulukuussa &nbsp;2025<\/strong>&nbsp;<strong> avoinna joka p\u00e4iv\u00e4 keskiviikko 17.12. &nbsp;&#8211; &nbsp;maanantai &nbsp;22.12. &nbsp;kello 12-17.<\/strong><\/p>\n<p><strong>TERVETULOA &nbsp;GUKKENHAIMIIN !<\/strong><\/p>\n","protected":false},"excerpt":{"rendered":"<p>Garage Gukkenhaimi&nbsp;on palvellut &nbsp;porilaisia ja Yyteriss\u00e4 liikkuvia matkailijoita esittelem\u00e4ll\u00e4 satakuntalaisten taiteilijoiden ja k\u00e4sity\u00f6l\u00e4isten tuotteita vuodesta 2012. Garage Gukkenhaimi luotiin osoittamaan, ett\u00e4 aina ei tarvita 100- 150 miljoonan euron investointia valtiolta tai kunnalta, jotta saadaan aikaiseksi paikka, joka toimii taiteen ja k\u00e4sit\u00f6iden n\u00e4yttelypaikkana. Garage Gukkenhaimissa on esill\u00e4 mm. maalauksia ja luomuvalokuvaaja Manu Toivosen valokuvatauluja, kortteja &nbsp;ja &hellip; <a href=\"https:\/\/www.mtc.fi\/?page_id=52\" class=\"more-link\">Jatka lukemista <span class=\"screen-reader-text\">Garage Gukkenhaimi<\/span> <span class=\"meta-nav\">&rarr;<\/span><\/a><\/p>\n","protected":false},"author":1,"featured_media":0,"parent":74,"menu_order":0,"comment_status":"closed","ping_status":"closed","template":"page-templates\/full-width.php","meta":[],"_links":{"self":[{"href":"https:\/\/www.mtc.fi\/index.php?rest_route=\/wp\/v2\/pages\/52"}],"collection":[{"href":"https:\/\/www.mtc.fi\/index.php?rest_route=\/wp\/v2\/pages"}],"about":[{"href":"https:\/\/www.mtc.fi\/index.php?rest_route=\/wp\/v2\/types\/page"}],"author":[{"embeddable":true,"href":"https:\/\/www.mtc.fi\/index.php?rest_route=\/wp\/v2\/users\/1"}],"replies":[{"embeddable":true,"href":"https:\/\/www.mtc.fi\/index.php?rest_route=%2Fwp%2Fv2%2Fcomments&post=52"}],"version-history":[{"count":38,"href":"https:\/\/www.mtc.fi\/index.php?rest_route=\/wp\/v2\/pages\/52\/revisions"}],"predecessor-version":[{"id":874,"href":"https:\/\/www.mtc.fi\/index.php?rest_route=\/wp\/v2\/pages\/52\/revisions\/874"}],"up":[{"embeddable":true,"href":"https:\/\/www.mtc.fi\/index.php?rest_route=\/wp\/v2\/pages\/74"}],"wp:attachment":[{"href":"https:\/\/www.mtc.fi\/index.php?rest_route=%2Fwp%2Fv2%2Fmedia&parent=52"}],"curies":[{"name":"wp","href":"https:\/\/api.w.org\/{rel}","templated":true}]}}