{"id":50,"date":"2019-10-31T11:20:24","date_gmt":"2019-10-31T09:20:24","guid":{"rendered":"http:\/\/www.mtc.fi\/?page_id=50"},"modified":"2019-10-31T12:15:34","modified_gmt":"2019-10-31T10:15:34","slug":"tiedotustoiminta","status":"publish","type":"page","link":"https:\/\/www.mtc.fi\/?page_id=50","title":{"rendered":"Tiedotustoiminta"},"content":{"rendered":"<p><a href=\"http:\/\/www.mtc.fi\/wp-content\/uploads\/2014\/05\/IMG_4797.jpeg\" target=\"_blank\" rel=\"noopener noreferrer\"><img loading=\"lazy\" class=\"aligncenter wp-image-16 size-full\" src=\"http:\/\/www.mtc.fi\/wp-content\/uploads\/2014\/05\/IMG_4797.jpeg\" alt=\"IMG_4797\" width=\"1280\" height=\"960\" srcset=\"https:\/\/www.mtc.fi\/wp-content\/uploads\/2014\/05\/IMG_4797.jpeg 1280w, https:\/\/www.mtc.fi\/wp-content\/uploads\/2014\/05\/IMG_4797-300x225.jpeg 300w, https:\/\/www.mtc.fi\/wp-content\/uploads\/2014\/05\/IMG_4797-1024x768.jpeg 1024w\" sizes=\"(max-width: 1280px) 100vw, 1280px\" \/><\/a><\/p>\n<p>Vuosikymmenien aikana olemme kirjoittaneet satoja <strong>lehtiartikkeleita ja tiedotteita<\/strong> ja samalla ottaneet niihin tuhansia valokuvia niin Suomessa kuin ulkomaillakin.<\/p>\n<p><strong><a href=\"http:\/\/www.mtc.fi\/wp-content\/uploads\/2014\/05\/IMG_4771.jpeg\" target=\"_blank\" rel=\"noopener noreferrer\"><img loading=\"lazy\" class=\"alignleft wp-image-15 size-thumbnail\" src=\"http:\/\/www.mtc.fi\/wp-content\/uploads\/2014\/05\/IMG_4771-150x150.jpeg\" alt=\"IMG_4771\" width=\"150\" height=\"150\"><\/a>Kirjoitetut artikkelit<\/strong> ovat olleet ns. asiantuntija-artikkeleita tai yritysesittelyj\u00e4. Artikkeleja on julkaistu mm. Kauppalehdess\u00e4, Aromissa, Hyv\u00e4 Ateriassa, Etiketiss\u00e4, Vitriinissa, Menussa, NoutoNewsiss\u00e4 ja Lihalehdess\u00e4. MTC on my\u00f6s vastannut usean tapahtuman ja <a href=\"http:\/\/www.mtc.fi\/wp-content\/uploads\/2014\/05\/IMG_9250.jpeg\" target=\"_blank\" rel=\"noopener noreferrer\"><img loading=\"lazy\" class=\"wp-image-29 size-thumbnail alignleft\" src=\"http:\/\/www.mtc.fi\/wp-content\/uploads\/2014\/05\/IMG_9250-150x150.jpeg\" alt=\"IMG_9250\" width=\"150\" height=\"150\"><\/a>yrityksen tiedottamisesta ja viestinn\u00e4st\u00e4.<\/p>\n<p>Lehtiartikkelien ja tiedotteiden kirjoittaminen ja toimittaminen jatkuu edelleen eli jos Sinulla on <strong>ideoita lehtiartikkeliksi<\/strong> tai haluat saada <strong>hyv\u00e4n tiedotteen<\/strong> yrityksest\u00e4si, niin olemme&nbsp;<a href=\"http:\/\/www.mtc.fi\/wp-content\/uploads\/2014\/05\/IMG_4485.jpeg\" target=\"_blank\" rel=\"noopener noreferrer\"><img loading=\"lazy\" class=\"alignleft wp-image-14 size-thumbnail\" src=\"http:\/\/www.mtc.fi\/wp-content\/uploads\/2014\/05\/IMG_4485-150x150.jpeg\" alt=\"IMG_4485\" width=\"150\" height=\"150\"><\/a>valmiita palvelemaan Sinua.<\/p>\n<p><strong>Tarjous<\/strong><br \/>\nTiedotteen kirjoittaminen esimerkiksi yrityksen tuotteista ja palveluista yrityksen antamien tietojen pohjalta, laajuus yksi A 4 liuska alkaen 75 \u20ac.<\/p>\n<p>&nbsp;<\/p>\n","protected":false},"excerpt":{"rendered":"<p>Vuosikymmenien aikana olemme kirjoittaneet satoja lehtiartikkeleita ja tiedotteita ja samalla ottaneet niihin tuhansia valokuvia niin Suomessa kuin ulkomaillakin. Kirjoitetut artikkelit ovat olleet ns. asiantuntija-artikkeleita tai yritysesittelyj\u00e4. Artikkeleja on julkaistu mm. Kauppalehdess\u00e4, Aromissa, Hyv\u00e4 Ateriassa, Etiketiss\u00e4, Vitriinissa, Menussa, NoutoNewsiss\u00e4 ja Lihalehdess\u00e4. MTC on my\u00f6s vastannut usean tapahtuman ja yrityksen tiedottamisesta ja viestinn\u00e4st\u00e4. Lehtiartikkelien ja tiedotteiden kirjoittaminen &hellip; <a href=\"https:\/\/www.mtc.fi\/?page_id=50\" class=\"more-link\">Jatka lukemista <span class=\"screen-reader-text\">Tiedotustoiminta<\/span> <span class=\"meta-nav\">&rarr;<\/span><\/a><\/p>\n","protected":false},"author":2,"featured_media":0,"parent":0,"menu_order":0,"comment_status":"closed","ping_status":"closed","template":"page-templates\/full-width.php","meta":[],"_links":{"self":[{"href":"https:\/\/www.mtc.fi\/index.php?rest_route=\/wp\/v2\/pages\/50"}],"collection":[{"href":"https:\/\/www.mtc.fi\/index.php?rest_route=\/wp\/v2\/pages"}],"about":[{"href":"https:\/\/www.mtc.fi\/index.php?rest_route=\/wp\/v2\/types\/page"}],"author":[{"embeddable":true,"href":"https:\/\/www.mtc.fi\/index.php?rest_route=\/wp\/v2\/users\/2"}],"replies":[{"embeddable":true,"href":"https:\/\/www.mtc.fi\/index.php?rest_route=%2Fwp%2Fv2%2Fcomments&post=50"}],"version-history":[{"count":1,"href":"https:\/\/www.mtc.fi\/index.php?rest_route=\/wp\/v2\/pages\/50\/revisions"}],"predecessor-version":[{"id":544,"href":"https:\/\/www.mtc.fi\/index.php?rest_route=\/wp\/v2\/pages\/50\/revisions\/544"}],"wp:attachment":[{"href":"https:\/\/www.mtc.fi\/index.php?rest_route=%2Fwp%2Fv2%2Fmedia&parent=50"}],"curies":[{"name":"wp","href":"https:\/\/api.w.org\/{rel}","templated":true}]}}