{"id":46,"date":"2019-10-31T11:30:11","date_gmt":"2019-10-31T09:30:11","guid":{"rendered":"http:\/\/www.mtc.fi\/?page_id=46"},"modified":"2019-10-31T12:17:02","modified_gmt":"2019-10-31T10:17:02","slug":"tuotetestaus","status":"publish","type":"page","link":"https:\/\/www.mtc.fi\/?page_id=46","title":{"rendered":"Tuotetestaus"},"content":{"rendered":"<p><a href=\"http:\/\/www.mtc.fi\/wp-content\/uploads\/2014\/05\/IMG_0226.jpeg\" target=\"_blank\" rel=\"noopener noreferrer\"><img loading=\"lazy\" class=\"aligncenter wp-image-4 size-full\" src=\"http:\/\/www.mtc.fi\/wp-content\/uploads\/2014\/05\/IMG_0226.jpeg\" alt=\"IMG_0226\" width=\"1280\" height=\"960\" srcset=\"https:\/\/www.mtc.fi\/wp-content\/uploads\/2014\/05\/IMG_0226.jpeg 1280w, https:\/\/www.mtc.fi\/wp-content\/uploads\/2014\/05\/IMG_0226-300x225.jpeg 300w, https:\/\/www.mtc.fi\/wp-content\/uploads\/2014\/05\/IMG_0226-1024x768.jpeg 1024w\" sizes=\"(max-width: 1280px) 100vw, 1280px\" \/><\/a><\/p>\n<p>Tuotetestaus eli <strong>Mystery shopping<\/strong> on yksi MTC:n tuotteista. Tuotetestauksia on tehty eri puolilla Suomea runsas 100 kappaletta ja testaukset r\u00e4\u00e4t\u00e4l\u00f6id\u00e4\u00e4n aina kunkin yrityksen toiveiden mukaan.<\/p>\n<p><strong><a href=\"http:\/\/www.mtc.fi\/wp-content\/uploads\/2014\/05\/IMG_8504.jpeg\" target=\"_blank\" rel=\"noopener noreferrer\"><img loading=\"lazy\" class=\"alignleft wp-image-25 size-thumbnail\" src=\"http:\/\/www.mtc.fi\/wp-content\/uploads\/2014\/05\/IMG_8504-150x150.jpeg\" alt=\"IMG_8504\" width=\"150\" height=\"150\"><\/a>Tuotetestauksen aikana<\/strong> MTC:n edustaja vierailee \u201ctuntemattomana\u201d yrityksess\u00e4 sovitun aikataulun mukaan ja tekee huomioita mm. milj\u00f6\u00f6st\u00e4, tuotteista, asiakaspalvleusta ja yrityksen markkinoinnista. Tuotetestausk\u00e4yntej\u00e4 tehd\u00e4\u00e4n <strong>yleens\u00e4 2-5 kappaletta.<br \/>\n<a href=\"http:\/\/www.mtc.fi\/wp-content\/uploads\/2014\/05\/IMG_8528.jpeg\" target=\"_blank\" rel=\"noopener noreferrer\"><img loading=\"lazy\" class=\"alignleft wp-image-26 size-thumbnail\" src=\"http:\/\/www.mtc.fi\/wp-content\/uploads\/2014\/05\/IMG_8528-150x150.jpeg\" alt=\"IMG_8528\" width=\"150\" height=\"150\"><\/a><br \/>\n<\/strong>K\u00e4ynneist\u00e4 tehd\u00e4\u00e4n <strong>raportti<\/strong>, joka sis\u00e4lt\u00e4\u00e4 k\u00e4yntien aikana tehdyt huomiot ja saadut kokemukset. Lis\u00e4ksi raportissa annetaan konkreettisia <strong>kehitt\u00e4misehdotuksia.<\/strong><\/p>\n<p><strong>Tarjous<br \/>\n<a href=\"http:\/\/www.mtc.fi\/wp-content\/uploads\/2014\/05\/IMG_8460.jpeg\" target=\"_blank\" rel=\"noopener noreferrer\"><img loading=\"lazy\" class=\"alignleft wp-image-24 size-thumbnail\" src=\"http:\/\/www.mtc.fi\/wp-content\/uploads\/2014\/05\/IMG_8460-150x150.jpeg\" alt=\"IMG_8460\" width=\"150\" height=\"150\"><\/a><\/strong><span style=\"line-height: 1.5;\">Peruspaketti<br \/>\n<\/span><span style=\"line-height: 1.5;\">&#8211; 2 k\u00e4ynti\u00e4 eri henkil\u00f6n suorittamana raportteineen 250 euroa, lis\u00e4ttyn\u00e4 erikseen sovittavilla matkakuluilla<\/span><\/p>\n","protected":false},"excerpt":{"rendered":"<p>Tuotetestaus eli Mystery shopping on yksi MTC:n tuotteista. Tuotetestauksia on tehty eri puolilla Suomea runsas 100 kappaletta ja testaukset r\u00e4\u00e4t\u00e4l\u00f6id\u00e4\u00e4n aina kunkin yrityksen toiveiden mukaan. Tuotetestauksen aikana MTC:n edustaja vierailee \u201ctuntemattomana\u201d yrityksess\u00e4 sovitun aikataulun mukaan ja tekee huomioita mm. milj\u00f6\u00f6st\u00e4, tuotteista, asiakaspalvleusta ja yrityksen markkinoinnista. Tuotetestausk\u00e4yntej\u00e4 tehd\u00e4\u00e4n yleens\u00e4 2-5 kappaletta. K\u00e4ynneist\u00e4 tehd\u00e4\u00e4n raportti, joka sis\u00e4lt\u00e4\u00e4 &hellip; <a href=\"https:\/\/www.mtc.fi\/?page_id=46\" class=\"more-link\">Jatka lukemista <span class=\"screen-reader-text\">Tuotetestaus<\/span> <span class=\"meta-nav\">&rarr;<\/span><\/a><\/p>\n","protected":false},"author":2,"featured_media":0,"parent":0,"menu_order":0,"comment_status":"closed","ping_status":"closed","template":"page-templates\/full-width.php","meta":[],"_links":{"self":[{"href":"https:\/\/www.mtc.fi\/index.php?rest_route=\/wp\/v2\/pages\/46"}],"collection":[{"href":"https:\/\/www.mtc.fi\/index.php?rest_route=\/wp\/v2\/pages"}],"about":[{"href":"https:\/\/www.mtc.fi\/index.php?rest_route=\/wp\/v2\/types\/page"}],"author":[{"embeddable":true,"href":"https:\/\/www.mtc.fi\/index.php?rest_route=\/wp\/v2\/users\/2"}],"replies":[{"embeddable":true,"href":"https:\/\/www.mtc.fi\/index.php?rest_route=%2Fwp%2Fv2%2Fcomments&post=46"}],"version-history":[{"count":1,"href":"https:\/\/www.mtc.fi\/index.php?rest_route=\/wp\/v2\/pages\/46\/revisions"}],"predecessor-version":[{"id":546,"href":"https:\/\/www.mtc.fi\/index.php?rest_route=\/wp\/v2\/pages\/46\/revisions\/546"}],"wp:attachment":[{"href":"https:\/\/www.mtc.fi\/index.php?rest_route=%2Fwp%2Fv2%2Fmedia&parent=46"}],"curies":[{"name":"wp","href":"https:\/\/api.w.org\/{rel}","templated":true}]}}