{"id":44,"date":"2019-10-31T12:00:57","date_gmt":"2019-10-31T10:00:57","guid":{"rendered":"http:\/\/www.mtc.fi\/?page_id=44"},"modified":"2019-10-31T12:25:55","modified_gmt":"2019-10-31T10:25:55","slug":"konsultointi","status":"publish","type":"page","link":"https:\/\/www.mtc.fi\/?page_id=44","title":{"rendered":"Konsultointi"},"content":{"rendered":"<p><a href=\"http:\/\/www.mtc.fi\/wp-content\/uploads\/2014\/05\/IMG_1164.jpeg\" target=\"_blank\" rel=\"noopener noreferrer\"><img loading=\"lazy\" class=\"aligncenter wp-image-7 size-full\" src=\"http:\/\/www.mtc.fi\/wp-content\/uploads\/2014\/05\/IMG_1164.jpeg\" alt=\"IMG_1164\" width=\"1280\" height=\"960\" srcset=\"https:\/\/www.mtc.fi\/wp-content\/uploads\/2014\/05\/IMG_1164.jpeg 1280w, https:\/\/www.mtc.fi\/wp-content\/uploads\/2014\/05\/IMG_1164-300x225.jpeg 300w, https:\/\/www.mtc.fi\/wp-content\/uploads\/2014\/05\/IMG_1164-1024x768.jpeg 1024w\" sizes=\"(max-width: 1280px) 100vw, 1280px\" \/><\/a><\/p>\n<p>MTC konsultoi sek\u00e4 <strong>uusia aloittavia yrityksi\u00e4<\/strong> ett\u00e4 toimintaansa <strong>kehitt\u00e4vi\u00e4 jo olemassaolevia yrityksi\u00e4.<\/strong> Konsultointi toteutetaan yhteisty\u00f6ss\u00e4 yrityksen yhdyshenkil\u00f6n kanssa k\u00e4yt\u00e4nn\u00f6nl\u00e4heisesti ja yksil\u00f6llisesti yrityksen l\u00e4ht\u00f6kohdat huomioiden.<\/p>\n<p><a href=\"http:\/\/www.mtc.fi\/wp-content\/uploads\/2014\/05\/IMG_8533.jpeg\" target=\"_blank\" rel=\"noopener noreferrer\"><img loading=\"lazy\" class=\"alignleft wp-image-27 size-thumbnail\" src=\"http:\/\/www.mtc.fi\/wp-content\/uploads\/2014\/05\/IMG_8533-150x150.jpeg\" alt=\"IMG_8533\" width=\"150\" height=\"150\"><\/a>MTC:n <strong>konsultointialueita<\/strong> ovat mm. yrityksen peruskartoitus ja suunnittelu, budjetointi, tuotteiden ja tuotantomenetelmien kehittely, markkinoinnin ja mainonnan suunnittelu ja toimipisteen rakenteellinen suunnittelu ideointeineen ja piirustuksineen.<br \/>\n<a href=\"http:\/\/www.mtc.fi\/wp-content\/uploads\/2014\/05\/IMG_1180.jpeg\" target=\"_blank\" rel=\"noopener noreferrer\"><img loading=\"lazy\" class=\"alignleft wp-image-8 size-thumbnail\" src=\"http:\/\/www.mtc.fi\/wp-content\/uploads\/2014\/05\/IMG_1180-150x150.jpeg\" alt=\"IMG_1180\" width=\"150\" height=\"150\"><\/a><br \/>\nMTC on toimintansa aikana konsultoinut eri puolilla Suomea noin <strong>400<\/strong> eri yrityst\u00e4 tai yhteis\u00f6\u00e4. Konsultoinnista tehd\u00e4\u00e4n kirjallinen sopimus ja konsultointi on aina <strong>ehdottoman luottamuksellista.<\/strong><\/p>\n<p><strong><br \/>\n<\/strong><strong><a href=\"http:\/\/www.mtc.fi\/wp-content\/uploads\/2014\/05\/IMG_0884.jpeg\" target=\"_blank\" rel=\"noopener noreferrer\"><img loading=\"lazy\" class=\"alignleft wp-image-6 size-thumbnail\" src=\"http:\/\/www.mtc.fi\/wp-content\/uploads\/2014\/05\/IMG_0884-150x150.jpeg\" alt=\"IMG_0884\" width=\"150\" height=\"150\"><\/a><\/strong><strong>Tarjous<br \/>\n<\/strong>Yrityksen peruskartoitus- ja kehitt\u00e4missuunnitelma raportteineen (kesto 3 tuntia) alkaen 270 euroa.<\/p>\n","protected":false},"excerpt":{"rendered":"<p>MTC konsultoi sek\u00e4 uusia aloittavia yrityksi\u00e4 ett\u00e4 toimintaansa kehitt\u00e4vi\u00e4 jo olemassaolevia yrityksi\u00e4. Konsultointi toteutetaan yhteisty\u00f6ss\u00e4 yrityksen yhdyshenkil\u00f6n kanssa k\u00e4yt\u00e4nn\u00f6nl\u00e4heisesti ja yksil\u00f6llisesti yrityksen l\u00e4ht\u00f6kohdat huomioiden. MTC:n konsultointialueita ovat mm. yrityksen peruskartoitus ja suunnittelu, budjetointi, tuotteiden ja tuotantomenetelmien kehittely, markkinoinnin ja mainonnan suunnittelu ja toimipisteen rakenteellinen suunnittelu ideointeineen ja piirustuksineen. MTC on toimintansa aikana konsultoinut eri puolilla &hellip; <a href=\"https:\/\/www.mtc.fi\/?page_id=44\" class=\"more-link\">Jatka lukemista <span class=\"screen-reader-text\">Konsultointi<\/span> <span class=\"meta-nav\">&rarr;<\/span><\/a><\/p>\n","protected":false},"author":2,"featured_media":0,"parent":0,"menu_order":0,"comment_status":"closed","ping_status":"closed","template":"page-templates\/full-width.php","meta":[],"_links":{"self":[{"href":"https:\/\/www.mtc.fi\/index.php?rest_route=\/wp\/v2\/pages\/44"}],"collection":[{"href":"https:\/\/www.mtc.fi\/index.php?rest_route=\/wp\/v2\/pages"}],"about":[{"href":"https:\/\/www.mtc.fi\/index.php?rest_route=\/wp\/v2\/types\/page"}],"author":[{"embeddable":true,"href":"https:\/\/www.mtc.fi\/index.php?rest_route=\/wp\/v2\/users\/2"}],"replies":[{"embeddable":true,"href":"https:\/\/www.mtc.fi\/index.php?rest_route=%2Fwp%2Fv2%2Fcomments&post=44"}],"version-history":[{"count":1,"href":"https:\/\/www.mtc.fi\/index.php?rest_route=\/wp\/v2\/pages\/44\/revisions"}],"predecessor-version":[{"id":551,"href":"https:\/\/www.mtc.fi\/index.php?rest_route=\/wp\/v2\/pages\/44\/revisions\/551"}],"wp:attachment":[{"href":"https:\/\/www.mtc.fi\/index.php?rest_route=%2Fwp%2Fv2%2Fmedia&parent=44"}],"curies":[{"name":"wp","href":"https:\/\/api.w.org\/{rel}","templated":true}]}}