{"id":427,"date":"2022-01-11T12:00:00","date_gmt":"2022-01-11T10:00:00","guid":{"rendered":"http:\/\/www.mtc.fi\/?page_id=427"},"modified":"2023-01-30T12:57:50","modified_gmt":"2023-01-30T10:57:50","slug":"smat","status":"publish","type":"page","link":"https:\/\/www.mtc.fi\/?page_id=427","title":{"rendered":"SUOMEN MATKAILUASIANTUNTIJAT OY"},"content":{"rendered":"<p>Suomen Matkailuasiantuntijat Oy eli SMAT<\/p>\n<p>Suomen Matkailuasiantuntijat Oy on maamme johtavien matkailu-, majoitus- ja ravitsemisalan konsulttien verkostoyhti\u00f6. Konsulteillamme on keskim\u00e4\u00e4rin noin 25 vuoden kokemus alan johto- ja asiantuntijateht\u00e4vist\u00e4.<\/p>\n<p>Suomen Matkailuasiantuntijat Oy:n konsulttien vankka kokemus niin yrityskohtaisista kuin kuntien ja maakuntien kehitt\u00e4mishankkeista takaa monipuolisen asiantuntemuksen.<\/p>\n<p>Suomen Matkailuasiantuntijat Oy on luotettava ja tehokas yhteisty\u00f6kumppani olkoon kysymys yrityskohtaisesta, kansallisesta tai kansainv\u00e4lisest\u00e4 hankkeesta.<\/p>\n<p>Ota yhteytt\u00e4 !<\/p>\n<p>Suomen Matkailuasiantuntijat Oy<\/p>\n<p>Juhanintie 2 A 3<\/p>\n<p>28840 Pori<\/p>\n<p>Puh. +358 500 533572<\/p>\n<p><a href=\"mailto:manu.toivonen@mtc.fi\">manu.toivonen@mtc.fi<\/a>\u00a0 \u00a0\u00a0www.mtc.fi\/suomen matkailuasiantuntijat<\/p>\n","protected":false},"excerpt":{"rendered":"<p>Suomen Matkailuasiantuntijat Oy eli SMAT Suomen Matkailuasiantuntijat Oy on maamme johtavien matkailu-, majoitus- ja ravitsemisalan konsulttien verkostoyhti\u00f6. Konsulteillamme on keskim\u00e4\u00e4rin noin 25 vuoden kokemus alan johto- ja asiantuntijateht\u00e4vist\u00e4. Suomen Matkailuasiantuntijat Oy:n konsulttien vankka kokemus niin yrityskohtaisista kuin kuntien ja maakuntien kehitt\u00e4mishankkeista takaa monipuolisen asiantuntemuksen. Suomen Matkailuasiantuntijat Oy on luotettava ja tehokas yhteisty\u00f6kumppani olkoon kysymys yrityskohtaisesta, &hellip; <a href=\"https:\/\/www.mtc.fi\/?page_id=427\" class=\"more-link\">Jatka lukemista <span class=\"screen-reader-text\">SUOMEN MATKAILUASIANTUNTIJAT OY<\/span> <span class=\"meta-nav\">&rarr;<\/span><\/a><\/p>\n","protected":false},"author":2,"featured_media":0,"parent":0,"menu_order":0,"comment_status":"closed","ping_status":"closed","template":"","meta":[],"_links":{"self":[{"href":"https:\/\/www.mtc.fi\/index.php?rest_route=\/wp\/v2\/pages\/427"}],"collection":[{"href":"https:\/\/www.mtc.fi\/index.php?rest_route=\/wp\/v2\/pages"}],"about":[{"href":"https:\/\/www.mtc.fi\/index.php?rest_route=\/wp\/v2\/types\/page"}],"author":[{"embeddable":true,"href":"https:\/\/www.mtc.fi\/index.php?rest_route=\/wp\/v2\/users\/2"}],"replies":[{"embeddable":true,"href":"https:\/\/www.mtc.fi\/index.php?rest_route=%2Fwp%2Fv2%2Fcomments&post=427"}],"version-history":[{"count":10,"href":"https:\/\/www.mtc.fi\/index.php?rest_route=\/wp\/v2\/pages\/427\/revisions"}],"predecessor-version":[{"id":735,"href":"https:\/\/www.mtc.fi\/index.php?rest_route=\/wp\/v2\/pages\/427\/revisions\/735"}],"wp:attachment":[{"href":"https:\/\/www.mtc.fi\/index.php?rest_route=%2Fwp%2Fv2%2Fmedia&parent=427"}],"curies":[{"name":"wp","href":"https:\/\/api.w.org\/{rel}","templated":true}]}}