{"id":39,"date":"2019-10-31T12:08:39","date_gmt":"2019-10-31T10:08:39","guid":{"rendered":"http:\/\/www.mtc.fi\/?page_id=39"},"modified":"2019-10-31T12:26:51","modified_gmt":"2019-10-31T10:26:51","slug":"koulutus","status":"publish","type":"page","link":"https:\/\/www.mtc.fi\/?page_id=39","title":{"rendered":"Koulutus"},"content":{"rendered":"<p><a href=\"http:\/\/www.mtc.fi\/wp-content\/uploads\/2014\/05\/IMG_1208.jpeg\" target=\"_blank\" rel=\"noopener noreferrer\"><img loading=\"lazy\" class=\"aligncenter wp-image-9 size-full\" src=\"http:\/\/www.mtc.fi\/wp-content\/uploads\/2014\/05\/IMG_1208.jpeg\" alt=\"IMG_1208\" width=\"1280\" height=\"960\" srcset=\"https:\/\/www.mtc.fi\/wp-content\/uploads\/2014\/05\/IMG_1208.jpeg 1280w, https:\/\/www.mtc.fi\/wp-content\/uploads\/2014\/05\/IMG_1208-300x225.jpeg 300w, https:\/\/www.mtc.fi\/wp-content\/uploads\/2014\/05\/IMG_1208-1024x768.jpeg 1024w\" sizes=\"(max-width: 1280px) 100vw, 1280px\" \/><\/a><\/p>\n<p>MTC on l\u00e4hes 30 vuoden toimintansa aikana kouluttanut eri puolilla Suomea noin <strong>70.000 eri alojen ammattilaista.<\/strong> Koulutettavina on ollut matkailu-, ravintola-, hotelli- ja kahvila-alan ammattilaisia ja kaupan eri alojen myyji\u00e4 ja esimiehi\u00e4.<\/p>\n<p><strong> <a href=\"http:\/\/www.mtc.fi\/wp-content\/uploads\/2014\/05\/IMG_0226.jpeg\" target=\"_blank\" rel=\"noopener noreferrer\"><img loading=\"lazy\" class=\"alignleft wp-image-4 size-thumbnail\" src=\"http:\/\/www.mtc.fi\/wp-content\/uploads\/2014\/05\/IMG_0226-150x150.jpeg\" alt=\"IMG_0226\" width=\"150\" height=\"150\"><\/a>Koulutuksen kesto<\/strong> on vaihdellut muutamasta tunnista jopa kahden vuoden pituisiin tutkintoon johtaviin koulutuksiin. Yleisin pituus yrityskoulutuksissa on 1-3 p\u00e4iv\u00e4\u00e4. Koulutukset toteutetaan yrityksen tarpeiden ja toiveiden mukaan.<\/p>\n<p><strong><a href=\"http:\/\/www.mtc.fi\/wp-content\/uploads\/2014\/05\/IMG_1237.jpeg\" target=\"_blank\" rel=\"noopener noreferrer\"><img loading=\"lazy\" class=\"wp-image-10 size-thumbnail alignleft\" src=\"http:\/\/www.mtc.fi\/wp-content\/uploads\/2014\/05\/IMG_1237-150x150.jpeg\" alt=\"IMG_1237\" width=\"150\" height=\"150\"><\/a><\/strong><strong>Koulutusaiheina<\/strong> on mm. asiakaspalvelu, myyntity\u00f6, ryhm\u00e4n\u00e4 toimiminen, yrityksen toimintaperiaatteet ty\u00f6ntekij\u00e4n n\u00e4k\u00f6kulmasta, motivoituminen ty\u00f6h\u00f6n ja oma jaksaminen.&nbsp;<span style=\"line-height: 1.5;\">Koulutusta on tehty my\u00f6s yhteisty\u00f6ss\u00e4 eri oppilaitosten kanssa.<\/span><\/p>\n<p><strong><a href=\"http:\/\/www.mtc.fi\/wp-content\/uploads\/2014\/05\/IMG_8189.jpeg\" target=\"_blank\" rel=\"noopener noreferrer\"><img loading=\"lazy\" class=\"alignleft wp-image-23 size-thumbnail\" src=\"http:\/\/www.mtc.fi\/wp-content\/uploads\/2014\/05\/IMG_8189-150x150.jpeg\" alt=\"IMG_8189\" width=\"150\" height=\"150\"><\/a>Tarjous koulutuksesta<br \/>\n<\/strong>Asiakaspalvelukoulutus henkil\u00f6kunnalle 3 tuntia alkaen 270 euroa&nbsp;<span style=\"line-height: 1.5;\">ja 7 tuntia 500 euroa.<\/span><\/p>\n","protected":false},"excerpt":{"rendered":"<p>MTC on l\u00e4hes 30 vuoden toimintansa aikana kouluttanut eri puolilla Suomea noin 70.000 eri alojen ammattilaista. Koulutettavina on ollut matkailu-, ravintola-, hotelli- ja kahvila-alan ammattilaisia ja kaupan eri alojen myyji\u00e4 ja esimiehi\u00e4. Koulutuksen kesto on vaihdellut muutamasta tunnista jopa kahden vuoden pituisiin tutkintoon johtaviin koulutuksiin. Yleisin pituus yrityskoulutuksissa on 1-3 p\u00e4iv\u00e4\u00e4. Koulutukset toteutetaan yrityksen tarpeiden &hellip; <a href=\"https:\/\/www.mtc.fi\/?page_id=39\" class=\"more-link\">Jatka lukemista <span class=\"screen-reader-text\">Koulutus<\/span> <span class=\"meta-nav\">&rarr;<\/span><\/a><\/p>\n","protected":false},"author":1,"featured_media":0,"parent":0,"menu_order":0,"comment_status":"closed","ping_status":"closed","template":"page-templates\/full-width.php","meta":[],"_links":{"self":[{"href":"https:\/\/www.mtc.fi\/index.php?rest_route=\/wp\/v2\/pages\/39"}],"collection":[{"href":"https:\/\/www.mtc.fi\/index.php?rest_route=\/wp\/v2\/pages"}],"about":[{"href":"https:\/\/www.mtc.fi\/index.php?rest_route=\/wp\/v2\/types\/page"}],"author":[{"embeddable":true,"href":"https:\/\/www.mtc.fi\/index.php?rest_route=\/wp\/v2\/users\/1"}],"replies":[{"embeddable":true,"href":"https:\/\/www.mtc.fi\/index.php?rest_route=%2Fwp%2Fv2%2Fcomments&post=39"}],"version-history":[{"count":1,"href":"https:\/\/www.mtc.fi\/index.php?rest_route=\/wp\/v2\/pages\/39\/revisions"}],"predecessor-version":[{"id":552,"href":"https:\/\/www.mtc.fi\/index.php?rest_route=\/wp\/v2\/pages\/39\/revisions\/552"}],"wp:attachment":[{"href":"https:\/\/www.mtc.fi\/index.php?rest_route=%2Fwp%2Fv2%2Fmedia&parent=39"}],"curies":[{"name":"wp","href":"https:\/\/api.w.org\/{rel}","templated":true}]}}