{"id":33,"date":"2025-06-12T12:00:00","date_gmt":"2025-06-12T09:00:00","guid":{"rendered":"http:\/\/www.mtc.fi\/?page_id=33"},"modified":"2025-06-18T17:31:30","modified_gmt":"2025-06-18T14:31:30","slug":"monipuolinen-ja-monialainen-mtc-vuodesta-1985","status":"publish","type":"page","link":"https:\/\/www.mtc.fi\/","title":{"rendered":"MONIPUOLINEN JA MONIALAINEN MTC VUODESTA 1985"},"content":{"rendered":"<p style=\"text-align: left;\"><strong><a href=\"http:\/\/www.mtc.fi\/wp-content\/uploads\/2014\/05\/IMG_02771.jpeg\" target=\"_blank\" rel=\"noopener noreferrer\"><img loading=\"lazy\" class=\"aligncenter wp-image-81 size-large\" src=\"http:\/\/www.mtc.fi\/wp-content\/uploads\/2014\/05\/IMG_02771-1024x768.jpeg\" alt=\"IMG_0277\" width=\"474\" height=\"355\" srcset=\"https:\/\/www.mtc.fi\/wp-content\/uploads\/2014\/05\/IMG_02771-1024x768.jpeg 1024w, https:\/\/www.mtc.fi\/wp-content\/uploads\/2014\/05\/IMG_02771-300x225.jpeg 300w, https:\/\/www.mtc.fi\/wp-content\/uploads\/2014\/05\/IMG_02771.jpeg 1280w\" sizes=\"(max-width: 474px) 100vw, 474px\" \/><\/a><\/strong><\/p>\n<p style=\"text-align: left;\"><strong>Manu Toivonen Training Company, MTC<\/strong>, on monipuolinen monialayritys, joka on aloittanut toimintansa vuonna 1985.<\/p>\n<p>Toimintaamme kuuluvat koulutus, konsultointi, tuotetestaus, valokuvaus ja tiedotustoiminta.<strong> Aamuhuoneistot Yyteriss\u00e4<\/strong> vuokraa huoneistoja loma- ja ty\u00f6k\u00e4ytt\u00f6\u00f6n,&nbsp;<strong>Garage Gukkenhaimi<\/strong> on erikoistunut valokuvien, paikallisen taiteen ja tavaran esittelyyn ja myymiseen. <strong>Aurinkolinna<\/strong> on kaikkien keidas Yyterin sannoilla.<\/p>\n<p><strong>Palvelemme ja autamme Teit\u00e4 heti henkil\u00f6kohtaisesti puhelimitse<\/strong><br \/>\nManu Toivonen +358 500 533572<br \/>\nEija Linnanm\u00e4ki+358 &nbsp;400 533572.<\/p>\n<p>Lis\u00e4tietoja MTC:n tuotteista ja palveluista sek\u00e4 Aamuhuoneistojen, &nbsp;Garage Gukkenhaimin ja Aurinkolinnan toiminnasta <strong>l\u00f6yd\u00e4t klikkaamalla vasemmanpuoleisen palkin otsikoita.<\/strong><\/p>\n<p>Kaikki n\u00e4iden www-sivujen kuvat ovat <strong>MTC:n kuvapankista<\/strong> ja ne ovat luomuvalokuvaaja Manu Toivosen ottamia.<\/p>\n","protected":false},"excerpt":{"rendered":"<p>Manu Toivonen Training Company, MTC, on monipuolinen monialayritys, joka on aloittanut toimintansa vuonna 1985. Toimintaamme kuuluvat koulutus, konsultointi, tuotetestaus, valokuvaus ja tiedotustoiminta. Aamuhuoneistot Yyteriss\u00e4 vuokraa huoneistoja loma- ja ty\u00f6k\u00e4ytt\u00f6\u00f6n,&nbsp;Garage Gukkenhaimi on erikoistunut valokuvien, paikallisen taiteen ja tavaran esittelyyn ja myymiseen. Aurinkolinna on kaikkien keidas Yyterin sannoilla. Palvelemme ja autamme Teit\u00e4 heti henkil\u00f6kohtaisesti puhelimitse Manu Toivonen &hellip; <a href=\"https:\/\/www.mtc.fi\/\" class=\"more-link\">Jatka lukemista <span class=\"screen-reader-text\">MONIPUOLINEN JA MONIALAINEN MTC VUODESTA 1985<\/span> <span class=\"meta-nav\">&rarr;<\/span><\/a><\/p>\n","protected":false},"author":2,"featured_media":0,"parent":0,"menu_order":0,"comment_status":"closed","ping_status":"closed","template":"page-templates\/full-width.php","meta":[],"_links":{"self":[{"href":"https:\/\/www.mtc.fi\/index.php?rest_route=\/wp\/v2\/pages\/33"}],"collection":[{"href":"https:\/\/www.mtc.fi\/index.php?rest_route=\/wp\/v2\/pages"}],"about":[{"href":"https:\/\/www.mtc.fi\/index.php?rest_route=\/wp\/v2\/types\/page"}],"author":[{"embeddable":true,"href":"https:\/\/www.mtc.fi\/index.php?rest_route=\/wp\/v2\/users\/2"}],"replies":[{"embeddable":true,"href":"https:\/\/www.mtc.fi\/index.php?rest_route=%2Fwp%2Fv2%2Fcomments&post=33"}],"version-history":[{"count":3,"href":"https:\/\/www.mtc.fi\/index.php?rest_route=\/wp\/v2\/pages\/33\/revisions"}],"predecessor-version":[{"id":828,"href":"https:\/\/www.mtc.fi\/index.php?rest_route=\/wp\/v2\/pages\/33\/revisions\/828"}],"wp:attachment":[{"href":"https:\/\/www.mtc.fi\/index.php?rest_route=%2Fwp%2Fv2%2Fmedia&parent=33"}],"curies":[{"name":"wp","href":"https:\/\/api.w.org\/{rel}","templated":true}]}}